{"id":841,"date":"2024-07-24T12:41:53","date_gmt":"2024-07-24T12:41:53","guid":{"rendered":"https:\/\/spainisnow.com\/?page_id=841"},"modified":"2024-07-30T18:47:38","modified_gmt":"2024-07-30T18:47:38","slug":"estepona-etherna","status":"publish","type":"page","link":"https:\/\/spainisnow.com\/index.php\/estepona-etherna\/","title":{"rendered":"ESTEPONA ETHERNA"},"content":{"rendered":"<div class=\"n2-section-smartslider fitvidsignore  n2_clear\" data-ssid=\"6\" tabindex=\"0\" role=\"region\" aria-label=\"Slider\"><div id=\"n2-ss-6-align\" class=\"n2-ss-align\"><div class=\"n2-padding\"><div id=\"n2-ss-6\" data-creator=\"Smart Slider 3\" data-responsive=\"fullwidth\" class=\"n2-ss-slider n2-ow n2-has-hover n2notransition  \">\n\n\n\n\n\n\n\n\n\n<div class=\"n2-ss-slider-wrapper-inside\">\n        <div class=\"n2-ss-slider-1 n2_ss__touch_element n2-ow\">\n            <div class=\"n2-ss-slider-2 n2-ow\">\n                                                <div class=\"n2-ss-slider-3 n2-ow\">\n\n                    <div class=\"n2-ss-slide-backgrounds n2-ow-all\"><div class=\"n2-ss-slide-background\" data-public-id=\"1\" data-mode=\"fill\"><div class=\"n2-ss-slide-background-image\" data-blur=\"0\" data-opacity=\"100\" data-x=\"50\" data-y=\"50\" data-alt=\"\" data-title=\"\"><picture class=\"skip-lazy\" data-skip-lazy=\"1\"><img decoding=\"async\" src=\"\/\/spainisnow.com\/wp-content\/uploads\/slider\/cache\/690799c8f80530a815df9f852f3b55c9\/VISTA-1-Piscina-1024x576-1.jpg\" alt=\"\" title=\"\" loading=\"lazy\" class=\"skip-lazy\" data-skip-lazy=\"1\"><\/picture><\/div><div data-color=\"RGBA(255,255,255,0)\" style=\"background-color: RGBA(255,255,255,0);\" class=\"n2-ss-slide-background-color\"><\/div><\/div><div class=\"n2-ss-slide-background\" data-public-id=\"2\" data-mode=\"fill\" aria-hidden=\"true\"><div class=\"n2-ss-slide-background-image\" data-blur=\"0\" data-opacity=\"100\" data-x=\"50\" data-y=\"50\" data-alt=\"\" data-title=\"\"><picture class=\"skip-lazy\" data-skip-lazy=\"1\"><img decoding=\"async\" src=\"\/\/spainisnow.com\/wp-content\/uploads\/slider\/cache\/59e4179ad3bbfd7720d3ddf7ac8d3612\/ValleyHomes_Terraza_HD.0000-1024x509-1.jpg\" alt=\"\" title=\"\" loading=\"lazy\" class=\"skip-lazy\" data-skip-lazy=\"1\"><\/picture><\/div><div data-color=\"RGBA(255,255,255,0)\" style=\"background-color: RGBA(255,255,255,0);\" class=\"n2-ss-slide-background-color\"><\/div><\/div><div class=\"n2-ss-slide-background\" data-public-id=\"3\" data-mode=\"fill\" aria-hidden=\"true\"><div class=\"n2-ss-slide-background-image\" data-blur=\"0\" data-opacity=\"100\" data-x=\"50\" data-y=\"50\" data-alt=\"\" data-title=\"\"><picture class=\"skip-lazy\" data-skip-lazy=\"1\"><img decoding=\"async\" src=\"\/\/spainisnow.com\/wp-content\/uploads\/slider\/cache\/07c613c704038a077b15741ce3dc3312\/VISTA-2-Gimnasio-1024x619-1.jpg\" alt=\"\" title=\"\" loading=\"lazy\" class=\"skip-lazy\" data-skip-lazy=\"1\"><\/picture><\/div><div data-color=\"RGBA(255,255,255,0)\" style=\"background-color: RGBA(255,255,255,0);\" class=\"n2-ss-slide-background-color\"><\/div><\/div><\/div>                    <div class=\"n2-ss-slider-4 n2-ow\">\n                        <svg xmlns=\"http:\/\/www.w3.org\/2000\/svg\" viewBox=\"0 0 1200 600\" data-related-device=\"desktopPortrait\" class=\"n2-ow n2-ss-preserve-size n2-ss-preserve-size--slider n2-ss-slide-limiter\"><\/svg><div data-first=\"1\" data-slide-duration=\"0\" data-id=\"15\" data-slide-public-id=\"1\" data-title=\"Slide 1\" class=\"n2-ss-slide n2-ow  n2-ss-slide-15\"><div role=\"note\" class=\"n2-ss-slide--focus\" tabindex=\"-1\">Slide 1<\/div><div class=\"n2-ss-layers-container n2-ss-slide-limiter n2-ow\"><div class=\"n2-ss-layer n2-ow n-uc-uFrgJOKfgnPA\" data-sstype=\"slide\" data-pm=\"default\"><\/div><\/div><\/div><div data-slide-duration=\"0\" data-id=\"16\" data-slide-public-id=\"2\" aria-hidden=\"true\" data-title=\"Slide 2\" class=\"n2-ss-slide n2-ow  n2-ss-slide-16\"><div role=\"note\" class=\"n2-ss-slide--focus\" tabindex=\"-1\">Slide 2<\/div><div class=\"n2-ss-layers-container n2-ss-slide-limiter n2-ow\"><div class=\"n2-ss-layer n2-ow n-uc-GeFqIDejZkIa\" data-sstype=\"slide\" data-pm=\"default\"><\/div><\/div><\/div><div data-slide-duration=\"0\" data-id=\"17\" data-slide-public-id=\"3\" aria-hidden=\"true\" data-title=\"Slide 3\" class=\"n2-ss-slide n2-ow  n2-ss-slide-17\"><div role=\"note\" class=\"n2-ss-slide--focus\" tabindex=\"-1\">Slide 3<\/div><div class=\"n2-ss-layers-container n2-ss-slide-limiter n2-ow\"><div class=\"n2-ss-layer n2-ow n-uc-OcLVJN7zITSd\" data-sstype=\"slide\" data-pm=\"default\"><\/div><\/div><\/div>                    <\/div>\n\n                                    <\/div>\n            <\/div>\n        <\/div>\n        <div class=\"n2-ss-slider-controls n2-ss-slider-controls-absolute-left-center\"><div style=\"--widget-offset:15px;\" class=\"n2-ss-widget n2-style-09a8364a7159aeff35b6b40ac3f789f6-heading nextend-arrow n2-ow-all nextend-arrow-previous  nextend-arrow-animated-fade\" data-hide-mobileportrait=\"1\" id=\"n2-ss-6-arrow-previous\" role=\"button\" aria-label=\"previous arrow\" tabindex=\"0\"><img loading=\"lazy\" decoding=\"async\" width=\"32\" height=\"32\" class=\"n2-arrow-normal-img skip-lazy\" data-skip-lazy=\"1\" src=\"data:image\/svg+xml;base64,PHN2ZyB3aWR0aD0iMzIiIGhlaWdodD0iMzIiIHZpZXdCb3g9IjAgMCAzMiAzMiIgeG1sbnM9Imh0dHA6Ly93d3cudzMub3JnLzIwMDAvc3ZnIj4KICAgIDxwYXRoIGQ9Ik0xMS40MzMgMTUuOTkyTDIyLjY5IDUuNzEyYy4zOTMtLjM5LjM5My0xLjAzIDAtMS40Mi0uMzkzLS4zOS0xLjAzLS4zOS0xLjQyMyAwbC0xMS45OCAxMC45NGMtLjIxLjIxLS4zLjQ5LS4yODUuNzYtLjAxNS4yOC4wNzUuNTYuMjg0Ljc3bDExLjk4IDEwLjk0Yy4zOTMuMzkgMS4wMy4zOSAxLjQyNCAwIC4zOTMtLjQuMzkzLTEuMDMgMC0xLjQybC0xMS4yNTctMTAuMjkiCiAgICAgICAgICBmaWxsPSIjMTZiN2NjIiBvcGFjaXR5PSIxIiBmaWxsLXJ1bGU9ImV2ZW5vZGQiLz4KPC9zdmc+\" alt=\"previous arrow\"><img loading=\"lazy\" decoding=\"async\" width=\"32\" height=\"32\" class=\"n2-arrow-hover-img skip-lazy\" data-skip-lazy=\"1\" src=\"data:image\/svg+xml;base64,PHN2ZyB3aWR0aD0iMzIiIGhlaWdodD0iMzIiIHZpZXdCb3g9IjAgMCAzMiAzMiIgeG1sbnM9Imh0dHA6Ly93d3cudzMub3JnLzIwMDAvc3ZnIj4KICAgIDxwYXRoIGQ9Ik0xMS40MzMgMTUuOTkyTDIyLjY5IDUuNzEyYy4zOTMtLjM5LjM5My0xLjAzIDAtMS40Mi0uMzkzLS4zOS0xLjAzLS4zOS0xLjQyMyAwbC0xMS45OCAxMC45NGMtLjIxLjIxLS4zLjQ5LS4yODUuNzYtLjAxNS4yOC4wNzUuNTYuMjg0Ljc3bDExLjk4IDEwLjk0Yy4zOTMuMzkgMS4wMy4zOSAxLjQyNCAwIC4zOTMtLjQuMzkzLTEuMDMgMC0xLjQybC0xMS4yNTctMTAuMjkiCiAgICAgICAgICBmaWxsPSIjZmZmZmZmIiBvcGFjaXR5PSIxIiBmaWxsLXJ1bGU9ImV2ZW5vZGQiLz4KPC9zdmc+\" alt=\"previous arrow\"><\/div><\/div><div class=\"n2-ss-slider-controls n2-ss-slider-controls-absolute-right-center\"><div style=\"--widget-offset:15px;\" class=\"n2-ss-widget n2-style-09a8364a7159aeff35b6b40ac3f789f6-heading nextend-arrow n2-ow-all nextend-arrow-next  nextend-arrow-animated-fade\" data-hide-mobileportrait=\"1\" id=\"n2-ss-6-arrow-next\" role=\"button\" aria-label=\"next arrow\" tabindex=\"0\"><img loading=\"lazy\" decoding=\"async\" width=\"32\" height=\"32\" class=\"n2-arrow-normal-img skip-lazy\" data-skip-lazy=\"1\" src=\"data:image\/svg+xml;base64,PHN2ZyB3aWR0aD0iMzIiIGhlaWdodD0iMzIiIHZpZXdCb3g9IjAgMCAzMiAzMiIgeG1sbnM9Imh0dHA6Ly93d3cudzMub3JnLzIwMDAvc3ZnIj4KICAgIDxwYXRoIGQ9Ik0xMC43MjIgNC4yOTNjLS4zOTQtLjM5LTEuMDMyLS4zOS0xLjQyNyAwLS4zOTMuMzktLjM5MyAxLjAzIDAgMS40MmwxMS4yODMgMTAuMjgtMTEuMjgzIDEwLjI5Yy0uMzkzLjM5LS4zOTMgMS4wMiAwIDEuNDIuMzk1LjM5IDEuMDMzLjM5IDEuNDI3IDBsMTIuMDA3LTEwLjk0Yy4yMS0uMjEuMy0uNDkuMjg0LS43Ny4wMTQtLjI3LS4wNzYtLjU1LS4yODYtLjc2TDEwLjcyIDQuMjkzeiIKICAgICAgICAgIGZpbGw9IiMxNmI3Y2MiIG9wYWNpdHk9IjEiIGZpbGwtcnVsZT0iZXZlbm9kZCIvPgo8L3N2Zz4=\" alt=\"next arrow\"><img loading=\"lazy\" decoding=\"async\" width=\"32\" height=\"32\" class=\"n2-arrow-hover-img skip-lazy\" data-skip-lazy=\"1\" src=\"data:image\/svg+xml;base64,PHN2ZyB3aWR0aD0iMzIiIGhlaWdodD0iMzIiIHZpZXdCb3g9IjAgMCAzMiAzMiIgeG1sbnM9Imh0dHA6Ly93d3cudzMub3JnLzIwMDAvc3ZnIj4KICAgIDxwYXRoIGQ9Ik0xMC43MjIgNC4yOTNjLS4zOTQtLjM5LTEuMDMyLS4zOS0xLjQyNyAwLS4zOTMuMzktLjM5MyAxLjAzIDAgMS40MmwxMS4yODMgMTAuMjgtMTEuMjgzIDEwLjI5Yy0uMzkzLjM5LS4zOTMgMS4wMiAwIDEuNDIuMzk1LjM5IDEuMDMzLjM5IDEuNDI3IDBsMTIuMDA3LTEwLjk0Yy4yMS0uMjEuMy0uNDkuMjg0LS43Ny4wMTQtLjI3LS4wNzYtLjU1LS4yODYtLjc2TDEwLjcyIDQuMjkzeiIKICAgICAgICAgIGZpbGw9IiNmZmZmZmYiIG9wYWNpdHk9IjEiIGZpbGwtcnVsZT0iZXZlbm9kZCIvPgo8L3N2Zz4=\" alt=\"next arrow\"><\/div><\/div><div class=\"n2-ss-slider-controls n2-ss-slider-controls-absolute-center-bottom\"><div style=\"--widget-offset:10px;\" class=\"n2-ss-widget n2-ss-control-bullet n2-ow-all n2-ss-control-bullet-horizontal\"><div class=\"n2-style-52a3032cdf5e0a73159365f609201a73-simple  nextend-bullet-bar n2-bar-justify-content-center\" role=\"group\" aria-label=\"Choose slide to display.\"><div class=\"n2-bullet n2-style-4f72beb15bfb0511e07bfb33dde48a42-dot \" style=\"visibility:hidden;\"><\/div><\/div><\/div><\/div><\/div><\/div><ss3-loader><\/ss3-loader><\/div><\/div><div class=\"n2_clear\"><\/div><\/div>\n\n\n<div style=\"height:37px\" aria-hidden=\"true\" class=\"wp-block-spacer\"><\/div>\n\n\n\n<div class=\"wp-block-uagb-info-box uagb-block-72a99a4e uagb-infobox__content-wrap  uagb-infobox-icon-above-title uagb-infobox-image-valign-top\"><div class=\"uagb-ifb-content\"><div class=\"uagb-ifb-icon-wrap\"><svg xmlns=\"https:\/\/www.w3.org\/2000\/svg\" viewBox=\"0 0 512 512\"><path d=\"M0 256C0 114.6 114.6 0 256 0C397.4 0 512 114.6 512 256C512 397.4 397.4 512 256 512C114.6 512 0 397.4 0 256zM371.8 211.8C382.7 200.9 382.7 183.1 371.8 172.2C360.9 161.3 343.1 161.3 332.2 172.2L224 280.4L179.8 236.2C168.9 225.3 151.1 225.3 140.2 236.2C129.3 247.1 129.3 264.9 140.2 275.8L204.2 339.8C215.1 350.7 232.9 350.7 243.8 339.8L371.8 211.8z\"><\/path><\/svg><\/div><div class=\"uagb-ifb-title-wrap\"><h3 class=\"uagb-ifb-title\">Estepona etherna<\/h3><\/div><p class=\"uagb-ifb-desc\">Estepona Etherna es un complejo residencial con un dise\u00f1o contempor\u00e1neo y moderno, que cuenta con un total de 135 viviendas de 1, 2 y 3 dormitorios ubicada junto a Valle Romano Golf Club en Estepona. La privilegiada orientaci\u00f3n sur ha permitido dise\u00f1ar viviendas luminosas que aprovechan al m\u00e1ximo las horas de luz natural. Destacan las viviendas en planta baja con hermosos jardines y los \u00e1ticos con sol\u00e1rium ideal para disfrutar del sol y de los incomparables atardeceres de Estepona. Este completo residencial se completa con unas espectaculares zonas comunes compuestas por piscina con sol\u00e1rium, gimnasio y jardines con especies aut\u00f3ctonas que transmiten la belleza de vivir en un lugar \u00fanico como Estepona. Todo ello se integra en un recinto cerrado para garantizar la seguridad y privacidad de sus vecinos.<\/p><\/div><\/div>\n\n\n\n<div class=\"wp-block-uagb-advanced-heading uagb-block-143b1ae7\"><h2 class=\"uagb-heading-text\">galer\u00eda<\/h2><\/div>\n\n\n\n<figure class=\"wp-block-gallery has-nested-images columns-default is-cropped wp-block-gallery-1 is-layout-flex wp-block-gallery-is-layout-flex\">\n<figure class=\"wp-block-image size-large\"><img loading=\"lazy\" decoding=\"async\" width=\"1024\" height=\"766\" data-id=\"858\" src=\"https:\/\/spainisnow.com\/wp-content\/uploads\/2024\/07\/Captura-de-pantalla-2024-06-13-134728-1024x766-1.png\" alt=\"\" class=\"wp-image-858\" srcset=\"https:\/\/spainisnow.com\/wp-content\/uploads\/2024\/07\/Captura-de-pantalla-2024-06-13-134728-1024x766-1.png 1024w, https:\/\/spainisnow.com\/wp-content\/uploads\/2024\/07\/Captura-de-pantalla-2024-06-13-134728-1024x766-1-300x224.png 300w, https:\/\/spainisnow.com\/wp-content\/uploads\/2024\/07\/Captura-de-pantalla-2024-06-13-134728-1024x766-1-768x575.png 768w\" sizes=\"auto, (max-width: 1024px) 100vw, 1024px\" \/><\/figure>\n\n\n\n<figure class=\"wp-block-image size-large\"><img loading=\"lazy\" decoding=\"async\" width=\"1024\" height=\"789\" data-id=\"857\" src=\"https:\/\/spainisnow.com\/wp-content\/uploads\/2024\/07\/Captura-de-pantalla-2024-06-13-134751-1024x789-1.png\" alt=\"\" class=\"wp-image-857\" srcset=\"https:\/\/spainisnow.com\/wp-content\/uploads\/2024\/07\/Captura-de-pantalla-2024-06-13-134751-1024x789-1.png 1024w, https:\/\/spainisnow.com\/wp-content\/uploads\/2024\/07\/Captura-de-pantalla-2024-06-13-134751-1024x789-1-300x231.png 300w, https:\/\/spainisnow.com\/wp-content\/uploads\/2024\/07\/Captura-de-pantalla-2024-06-13-134751-1024x789-1-768x592.png 768w\" sizes=\"auto, (max-width: 1024px) 100vw, 1024px\" \/><\/figure>\n\n\n\n<figure class=\"wp-block-image size-large\"><img loading=\"lazy\" decoding=\"async\" width=\"1024\" height=\"829\" data-id=\"849\" src=\"https:\/\/spainisnow.com\/wp-content\/uploads\/2024\/07\/ValleyHomes_bano_HD.0000-1024x829-1.jpg\" alt=\"\" class=\"wp-image-849\" srcset=\"https:\/\/spainisnow.com\/wp-content\/uploads\/2024\/07\/ValleyHomes_bano_HD.0000-1024x829-1.jpg 1024w, https:\/\/spainisnow.com\/wp-content\/uploads\/2024\/07\/ValleyHomes_bano_HD.0000-1024x829-1-300x243.jpg 300w, https:\/\/spainisnow.com\/wp-content\/uploads\/2024\/07\/ValleyHomes_bano_HD.0000-1024x829-1-768x622.jpg 768w\" sizes=\"auto, (max-width: 1024px) 100vw, 1024px\" \/><\/figure>\n\n\n\n<figure class=\"wp-block-image size-large\"><img loading=\"lazy\" decoding=\"async\" width=\"1024\" height=\"562\" data-id=\"850\" src=\"https:\/\/spainisnow.com\/wp-content\/uploads\/2024\/07\/ValleyHomes_DormitorioPrincipal_HD.0000-1024x562-1.jpg\" alt=\"\" class=\"wp-image-850\" srcset=\"https:\/\/spainisnow.com\/wp-content\/uploads\/2024\/07\/ValleyHomes_DormitorioPrincipal_HD.0000-1024x562-1.jpg 1024w, https:\/\/spainisnow.com\/wp-content\/uploads\/2024\/07\/ValleyHomes_DormitorioPrincipal_HD.0000-1024x562-1-300x165.jpg 300w, https:\/\/spainisnow.com\/wp-content\/uploads\/2024\/07\/ValleyHomes_DormitorioPrincipal_HD.0000-1024x562-1-768x422.jpg 768w\" sizes=\"auto, (max-width: 1024px) 100vw, 1024px\" \/><\/figure>\n\n\n\n<figure class=\"wp-block-image size-large\"><img loading=\"lazy\" decoding=\"async\" width=\"1024\" height=\"598\" data-id=\"854\" src=\"https:\/\/spainisnow.com\/wp-content\/uploads\/2024\/07\/ValleyHomes_dormitoriosecundario_HD.0000-1024x598-1.jpg\" alt=\"\" class=\"wp-image-854\" srcset=\"https:\/\/spainisnow.com\/wp-content\/uploads\/2024\/07\/ValleyHomes_dormitoriosecundario_HD.0000-1024x598-1.jpg 1024w, https:\/\/spainisnow.com\/wp-content\/uploads\/2024\/07\/ValleyHomes_dormitoriosecundario_HD.0000-1024x598-1-300x175.jpg 300w, https:\/\/spainisnow.com\/wp-content\/uploads\/2024\/07\/ValleyHomes_dormitoriosecundario_HD.0000-1024x598-1-768x449.jpg 768w\" sizes=\"auto, (max-width: 1024px) 100vw, 1024px\" \/><\/figure>\n\n\n\n<figure class=\"wp-block-image size-large\"><img loading=\"lazy\" decoding=\"async\" width=\"1024\" height=\"517\" data-id=\"853\" src=\"https:\/\/spainisnow.com\/wp-content\/uploads\/2024\/07\/ValleyHomes_SalonCocina_HD.0000-1024x517-1.jpg\" alt=\"\" class=\"wp-image-853\" srcset=\"https:\/\/spainisnow.com\/wp-content\/uploads\/2024\/07\/ValleyHomes_SalonCocina_HD.0000-1024x517-1.jpg 1024w, https:\/\/spainisnow.com\/wp-content\/uploads\/2024\/07\/ValleyHomes_SalonCocina_HD.0000-1024x517-1-300x151.jpg 300w, https:\/\/spainisnow.com\/wp-content\/uploads\/2024\/07\/ValleyHomes_SalonCocina_HD.0000-1024x517-1-768x388.jpg 768w\" sizes=\"auto, (max-width: 1024px) 100vw, 1024px\" \/><\/figure>\n\n\n\n<figure class=\"wp-block-image size-large\"><img loading=\"lazy\" decoding=\"async\" width=\"1024\" height=\"509\" data-id=\"851\" src=\"https:\/\/spainisnow.com\/wp-content\/uploads\/2024\/07\/ValleyHomes_Terraza_HD.0000-1024x509-2.jpg\" alt=\"\" class=\"wp-image-851\" srcset=\"https:\/\/spainisnow.com\/wp-content\/uploads\/2024\/07\/ValleyHomes_Terraza_HD.0000-1024x509-2.jpg 1024w, https:\/\/spainisnow.com\/wp-content\/uploads\/2024\/07\/ValleyHomes_Terraza_HD.0000-1024x509-2-300x149.jpg 300w, https:\/\/spainisnow.com\/wp-content\/uploads\/2024\/07\/ValleyHomes_Terraza_HD.0000-1024x509-2-768x382.jpg 768w\" sizes=\"auto, (max-width: 1024px) 100vw, 1024px\" \/><\/figure>\n\n\n\n<figure class=\"wp-block-image size-large\"><img loading=\"lazy\" decoding=\"async\" width=\"1024\" height=\"476\" data-id=\"855\" src=\"https:\/\/spainisnow.com\/wp-content\/uploads\/2024\/07\/ValleyHomes_TerrazaNocturna_HD.0000-1024x476-1.jpg\" alt=\"\" class=\"wp-image-855\" srcset=\"https:\/\/spainisnow.com\/wp-content\/uploads\/2024\/07\/ValleyHomes_TerrazaNocturna_HD.0000-1024x476-1.jpg 1024w, https:\/\/spainisnow.com\/wp-content\/uploads\/2024\/07\/ValleyHomes_TerrazaNocturna_HD.0000-1024x476-1-300x139.jpg 300w, https:\/\/spainisnow.com\/wp-content\/uploads\/2024\/07\/ValleyHomes_TerrazaNocturna_HD.0000-1024x476-1-768x357.jpg 768w\" sizes=\"auto, (max-width: 1024px) 100vw, 1024px\" \/><\/figure>\n\n\n\n<figure class=\"wp-block-image size-large\"><img loading=\"lazy\" decoding=\"async\" width=\"1024\" height=\"576\" data-id=\"848\" src=\"https:\/\/spainisnow.com\/wp-content\/uploads\/2024\/07\/VISTA-1-Piscina-1024x576-2.jpg\" alt=\"\" class=\"wp-image-848\" srcset=\"https:\/\/spainisnow.com\/wp-content\/uploads\/2024\/07\/VISTA-1-Piscina-1024x576-2.jpg 1024w, https:\/\/spainisnow.com\/wp-content\/uploads\/2024\/07\/VISTA-1-Piscina-1024x576-2-300x169.jpg 300w, https:\/\/spainisnow.com\/wp-content\/uploads\/2024\/07\/VISTA-1-Piscina-1024x576-2-768x432.jpg 768w\" sizes=\"auto, (max-width: 1024px) 100vw, 1024px\" \/><\/figure>\n\n\n\n<figure class=\"wp-block-image size-large\"><img loading=\"lazy\" decoding=\"async\" width=\"1024\" height=\"619\" data-id=\"852\" src=\"https:\/\/spainisnow.com\/wp-content\/uploads\/2024\/07\/VISTA-2-Gimnasio-1024x619-2.jpg\" alt=\"\" class=\"wp-image-852\" srcset=\"https:\/\/spainisnow.com\/wp-content\/uploads\/2024\/07\/VISTA-2-Gimnasio-1024x619-2.jpg 1024w, https:\/\/spainisnow.com\/wp-content\/uploads\/2024\/07\/VISTA-2-Gimnasio-1024x619-2-300x181.jpg 300w, https:\/\/spainisnow.com\/wp-content\/uploads\/2024\/07\/VISTA-2-Gimnasio-1024x619-2-768x464.jpg 768w\" sizes=\"auto, (max-width: 1024px) 100vw, 1024px\" \/><\/figure>\n\n\n\n<figure class=\"wp-block-image size-large\"><img loading=\"lazy\" decoding=\"async\" width=\"1024\" height=\"576\" data-id=\"856\" src=\"https:\/\/spainisnow.com\/wp-content\/uploads\/2024\/07\/VISTA-3-Golf-png-1024x576-1.png\" alt=\"\" class=\"wp-image-856\" srcset=\"https:\/\/spainisnow.com\/wp-content\/uploads\/2024\/07\/VISTA-3-Golf-png-1024x576-1.png 1024w, https:\/\/spainisnow.com\/wp-content\/uploads\/2024\/07\/VISTA-3-Golf-png-1024x576-1-300x169.png 300w, https:\/\/spainisnow.com\/wp-content\/uploads\/2024\/07\/VISTA-3-Golf-png-1024x576-1-768x432.png 768w\" sizes=\"auto, (max-width: 1024px) 100vw, 1024px\" \/><\/figure>\n<\/figure>\n\n\n\n<div class=\"wp-block-uagb-advanced-heading uagb-block-8c927f9d\"><h2 class=\"uagb-heading-text\">contacto<\/h2><\/div>\n\n\n<div class=\"wpforms-container wpforms-block wpforms-block-5ffe70d3-a815-4f4c-bade-da6a8df4fca2\" id=\"wpforms-659\"><form id=\"wpforms-form-659\" class=\"wpforms-validate wpforms-form wpforms-ajax-form\" data-formid=\"659\" method=\"post\" enctype=\"multipart\/form-data\" action=\"\/index.php\/wp-json\/wp\/v2\/pages\/841\" data-token=\"8d4cf058008c97b1c738349a881acec1\" data-token-time=\"1776834582\"><noscript class=\"wpforms-error-noscript\">Por favor, activa JavaScript en tu navegador para completar este formulario.<\/noscript><div class=\"wpforms-field-container\"><div id=\"wpforms-659-field_0-container\" class=\"wpforms-field wpforms-field-name\" data-field-id=\"0\"><label class=\"wpforms-field-label\">Nombre <span class=\"wpforms-required-label\">*<\/span><\/label><div class=\"wpforms-field-row wpforms-field-medium\"><div class=\"wpforms-field-row-block wpforms-first wpforms-one-half\"><input type=\"text\" id=\"wpforms-659-field_0\" class=\"wpforms-field-name-first wpforms-field-required\" name=\"wpforms[fields][0][first]\" required><label for=\"wpforms-659-field_0\" class=\"wpforms-field-sublabel after\">Nombre<\/label><\/div><div class=\"wpforms-field-row-block wpforms-one-half\"><input type=\"text\" id=\"wpforms-659-field_0-last\" class=\"wpforms-field-name-last wpforms-field-required\" name=\"wpforms[fields][0][last]\" required><label for=\"wpforms-659-field_0-last\" class=\"wpforms-field-sublabel after\">Apellidos<\/label><\/div><\/div><\/div><div id=\"wpforms-659-field_1-container\" class=\"wpforms-field wpforms-field-email\" data-field-id=\"1\"><label class=\"wpforms-field-label\" for=\"wpforms-659-field_1\">Correo electr\u00f3nico <span class=\"wpforms-required-label\">*<\/span><\/label><input type=\"email\" id=\"wpforms-659-field_1\" class=\"wpforms-field-medium wpforms-field-required\" name=\"wpforms[fields][1]\" spellcheck=\"false\" required><\/div>\t\t<div id=\"wpforms-659-field_3-container\"\n\t\t\tclass=\"wpforms-field wpforms-field-text\"\n\t\t\tdata-field-type=\"text\"\n\t\t\tdata-field-id=\"3\"\n\t\t\t>\n\t\t\t<label class=\"wpforms-field-label\" for=\"wpforms-659-field_3\" >Nombre o mensaje<\/label>\n\t\t\t<input type=\"text\" id=\"wpforms-659-field_3\" class=\"wpforms-field-medium\" name=\"wpforms[fields][3]\" >\n\t\t<\/div>\n\t\t<div id=\"wpforms-659-field_2-container\" class=\"wpforms-field wpforms-field-textarea\" data-field-id=\"2\"><label class=\"wpforms-field-label\" for=\"wpforms-659-field_2\">Comentario o mensaje<\/label><textarea id=\"wpforms-659-field_2\" class=\"wpforms-field-medium\" name=\"wpforms[fields][2]\" ><\/textarea><\/div><script>\n\t\t\t\t( function() {\n\t\t\t\t\tconst style = document.createElement( 'style' );\n\t\t\t\t\tstyle.appendChild( document.createTextNode( '#wpforms-659-field_3-container { position: absolute !important; overflow: hidden !important; display: inline !important; height: 1px !important; width: 1px !important; z-index: -1000 !important; padding: 0 !important; } #wpforms-659-field_3-container input { visibility: hidden; } #wpforms-conversational-form-page #wpforms-659-field_3-container label { counter-increment: none; }' ) );\n\t\t\t\t\tdocument.head.appendChild( style );\n\t\t\t\t\tdocument.currentScript?.remove();\n\t\t\t\t} )();\n\t\t\t<\/script><\/div><!-- .wpforms-field-container --><div class=\"wpforms-recaptcha-container wpforms-is-hcaptcha\" ><div class=\"h-captcha\" data-sitekey=\"9acbf026-4bc6-41cb-afbf-109e1f4274ee\"><\/div><input type=\"text\" name=\"g-recaptcha-hidden\" class=\"wpforms-recaptcha-hidden\" style=\"position:absolute!important;clip:rect(0,0,0,0)!important;height:1px!important;width:1px!important;border:0!important;overflow:hidden!important;padding:0!important;margin:0!important;\" data-rule-hcaptcha=\"1\"><\/div><div class=\"wpforms-submit-container\" ><input type=\"hidden\" name=\"wpforms[id]\" value=\"659\"><input type=\"hidden\" name=\"page_title\" value=\"\"><input type=\"hidden\" name=\"page_url\" value=\"https:\/\/spainisnow.com\/index.php\/wp-json\/wp\/v2\/pages\/841\"><input type=\"hidden\" name=\"url_referer\" value=\"\"><button type=\"submit\" name=\"wpforms[submit]\" id=\"wpforms-submit-659\" class=\"wpforms-submit\" data-alt-text=\"Enviando...\" data-submit-text=\"Enviar\" aria-live=\"assertive\" value=\"wpforms-submit\">Enviar<\/button><img loading=\"lazy\" decoding=\"async\" src=\"https:\/\/spainisnow.com\/wp-content\/plugins\/wpforms-lite\/assets\/images\/submit-spin.svg\" class=\"wpforms-submit-spinner\" style=\"display: none;\" width=\"26\" height=\"26\" alt=\"Cargando\"><\/div><\/form><\/div>  <!-- .wpforms-container -->","protected":false},"excerpt":{"rendered":"<p>galer\u00eda contacto<\/p>\n","protected":false},"author":1,"featured_media":0,"parent":0,"menu_order":0,"comment_status":"closed","ping_status":"closed","template":"","meta":{"_uag_custom_page_level_css":"","site-sidebar-layout":"default","site-content-layout":"","ast-site-content-layout":"default","site-content-style":"default","site-sidebar-style":"default","ast-global-header-display":"","ast-banner-title-visibility":"","ast-main-header-display":"","ast-hfb-above-header-display":"","ast-hfb-below-header-display":"","ast-hfb-mobile-header-display":"","site-post-title":"","ast-breadcrumbs-content":"","ast-featured-img":"","footer-sml-layout":"","ast-disable-related-posts":"","theme-transparent-header-meta":"","adv-header-id-meta":"","stick-header-meta":"","header-above-stick-meta":"","header-main-stick-meta":"","header-below-stick-meta":"","astra-migrate-meta-layouts":"set","ast-page-background-enabled":"default","ast-page-background-meta":{"desktop":{"background-color":"var(--ast-global-color-4)","background-image":"","background-repeat":"repeat","background-position":"center center","background-size":"auto","background-attachment":"scroll","background-type":"","background-media":"","overlay-type":"","overlay-color":"","overlay-opacity":"","overlay-gradient":""},"tablet":{"background-color":"","background-image":"","background-repeat":"repeat","background-position":"center center","background-size":"auto","background-attachment":"scroll","background-type":"","background-media":"","overlay-type":"","overlay-color":"","overlay-opacity":"","overlay-gradient":""},"mobile":{"background-color":"","background-image":"","background-repeat":"repeat","background-position":"center center","background-size":"auto","background-attachment":"scroll","background-type":"","background-media":"","overlay-type":"","overlay-color":"","overlay-opacity":"","overlay-gradient":""}},"ast-content-background-meta":{"desktop":{"background-color":"var(--ast-global-color-5)","background-image":"","background-repeat":"repeat","background-position":"center center","background-size":"auto","background-attachment":"scroll","background-type":"","background-media":"","overlay-type":"","overlay-color":"","overlay-opacity":"","overlay-gradient":""},"tablet":{"background-color":"var(--ast-global-color-5)","background-image":"","background-repeat":"repeat","background-position":"center center","background-size":"auto","background-attachment":"scroll","background-type":"","background-media":"","overlay-type":"","overlay-color":"","overlay-opacity":"","overlay-gradient":""},"mobile":{"background-color":"var(--ast-global-color-5)","background-image":"","background-repeat":"repeat","background-position":"center center","background-size":"auto","background-attachment":"scroll","background-type":"","background-media":"","overlay-type":"","overlay-color":"","overlay-opacity":"","overlay-gradient":""}},"footnotes":""},"class_list":["post-841","page","type-page","status-publish","hentry"],"uagb_featured_image_src":{"full":false,"thumbnail":false,"medium":false,"medium_large":false,"large":false,"1536x1536":false,"2048x2048":false},"uagb_author_info":{"display_name":"admin","author_link":"https:\/\/spainisnow.com\/index.php\/author\/admin\/"},"uagb_comment_info":0,"uagb_excerpt":"galer\u00eda contacto","_links":{"self":[{"href":"https:\/\/spainisnow.com\/index.php\/wp-json\/wp\/v2\/pages\/841","targetHints":{"allow":["GET"]}}],"collection":[{"href":"https:\/\/spainisnow.com\/index.php\/wp-json\/wp\/v2\/pages"}],"about":[{"href":"https:\/\/spainisnow.com\/index.php\/wp-json\/wp\/v2\/types\/page"}],"author":[{"embeddable":true,"href":"https:\/\/spainisnow.com\/index.php\/wp-json\/wp\/v2\/users\/1"}],"replies":[{"embeddable":true,"href":"https:\/\/spainisnow.com\/index.php\/wp-json\/wp\/v2\/comments?post=841"}],"version-history":[{"count":5,"href":"https:\/\/spainisnow.com\/index.php\/wp-json\/wp\/v2\/pages\/841\/revisions"}],"predecessor-version":[{"id":904,"href":"https:\/\/spainisnow.com\/index.php\/wp-json\/wp\/v2\/pages\/841\/revisions\/904"}],"wp:attachment":[{"href":"https:\/\/spainisnow.com\/index.php\/wp-json\/wp\/v2\/media?parent=841"}],"curies":[{"name":"wp","href":"https:\/\/api.w.org\/{rel}","templated":true}]}}